{"id":11136,"date":"2020-01-20T14:30:57","date_gmt":"2020-01-20T14:30:57","guid":{"rendered":"https:\/\/2019.83bis.com\/?page_id=11136"},"modified":"2024-10-04T08:38:06","modified_gmt":"2024-10-04T08:38:06","slug":"mentions-legales","status":"publish","type":"page","link":"https:\/\/www.83bis.com\/en\/mentions-legales\/","title":{"rendered":"Legal Notice"},"content":{"rendered":"<section data-vc-full-width=\"true\" data-vc-full-width-init=\"false\" class=\"vc_section vc_custom_1579531334400\"><section class=\"vc_row wpb_row vc_row-fluid  vc_custom_1580393580228 vc_row-has-fill\"><div class=\"wpb_column vc_column_container vc_col-sm-3  col-xs-mobile-fullwidth\"><div class=\"vc_column-inner\"><div class=\"wpb_wrapper\"><\/div><\/div><\/div><div class=\"wpb_column vc_column_container vc_col-sm-6  col-xs-mobile-fullwidth\"><div class=\"vc_column-inner\"><div class=\"wpb_wrapper\"><h1 class=\"margin-100px-bottom xs-margin-40px-bottom font-weight-600 display-inline-block alt-font text-extra-small text-outside-line heading-style5  heading-1\"  style=\"font-size: 25px; color: #f67900;\" data-fontsize=\"25px\">LEGAL NOTICE<\/h1><div class=\"vc_custom_1728031080730 last-paragraph-no-margin\"><table class=\"wp-block-table aligncenter\">\n<tbody>\n<tr>\n<td><strong>Denomination\u00a0<\/strong><\/td>\n<td>83Bis Design Studio<\/td>\n<\/tr>\n<tr>\n<td><strong>Address<\/strong><\/td>\n<td>23 bis, rue Achille Viez &#8211; 95170 DEUIL LA BARRE<\/td>\n<\/tr>\n<tr>\n<td><strong>Email<\/strong><\/td>\n<td>contact@83bis.com<\/td>\n<\/tr>\n<tr>\n<td><strong>Phone<\/strong><\/td>\n<td>+33 (0)1 42 08 18 99<\/td>\n<\/tr>\n<tr>\n<td><strong>SIREN<\/strong><\/td>\n<td>497794511<\/td>\n<\/tr>\n<tr>\n<td><strong>SIRET (head office)<\/strong><\/td>\n<td>49779451100053<\/td>\n<\/tr>\n<tr>\n<td><strong>Activity (NAF or APE code)<\/strong><\/td>\n<td>Activit\u00e9s Pre-Presse 1813Z<\/td>\n<\/tr>\n<tr>\n<td><strong>Legal form<\/strong><\/td>\n<td>SARL<\/td>\n<\/tr>\n<tr>\n<td><strong>Share capital<\/strong><\/td>\n<td>8000,00 \u20ac<\/td>\n<\/tr>\n<tr>\n<td><strong>Name of the person responsible for the publication<\/strong><\/td>\n<td>Henry Eloi Jacob<\/td>\n<\/tr>\n<tr>\n<td><strong>Hosting<\/strong><\/td>\n<td>OVH<br \/>\nSAS au capital de 10 069 020 \u20ac<br \/>\nRCS Lille M\u00e9tropole 424 761 419 00045<br \/>\nCode APE 2620Z, N\u00b0 TVA : FR 22 424 761 419<br \/>\nSi\u00e8ge social : 2 rue Kellermann \u2013 59100 Roubaix \u2013 France<br \/>\nCoordonn\u00e9es : https:\/\/www.ovh.com\/fr\/support\/nous-contacter\/<\/td>\n<\/tr>\n<\/tbody>\n<\/table>\n<\/div><\/div><\/div><\/div><div class=\"wpb_column vc_column_container vc_col-sm-3  col-xs-mobile-fullwidth\"><div class=\"vc_column-inner\"><div class=\"wpb_wrapper\"><\/div><\/div><\/div><\/section><\/section><div class=\"vc_row-full-width vc_clearfix\"><\/div>","protected":false},"excerpt":{"rendered":"MENTIONS L\u00c9GALES D\u00e9nomination\u00a0 83Bis Design Studio Adresse 23 bis, rue Achille Viez - 95170 DEUIL LA BARRE Courrier \u00e9lectronique contact@83bis.com T\u00e9l\u00e9phone +33 (0)1 42 08 18 99 SIREN 497794511 SIRET (si\u00e8ge) 49779451100053 Activit\u00e9 (Code NAF ou APE) Activit\u00e9s Pre-Presse 1813Z Forme juridique SARL Capital social 8000,00 \u20ac Nom du responsable de la publication Henry Eloi Jacob H\u00e9bergement OVH SAS au capital de 10 069 020 \u20ac RCS Lille M\u00e9tropole 424 761 419 00045 Code APE 2620Z, N\u00b0 TVA : FR 22 424 761 419 Si\u00e8ge social : 2 rue Kellermann \u2013 59100 Roubaix \u2013 France Coordonn\u00e9es : https:\/\/www.ovh.com\/fr\/support\/nous-contacter\/","protected":false},"author":3,"featured_media":261,"parent":0,"menu_order":0,"comment_status":"closed","ping_status":"closed","template":"","meta":{"_mi_skip_tracking":false,"footnotes":""},"yoast_head":"<!-- This site is optimized with the Yoast SEO plugin v18.6 - https:\/\/yoast.com\/wordpress\/plugins\/seo\/ -->\n<title>Mentions l\u00e9gales - 83BIS Design Studio - Contact<\/title>\n<meta name=\"description\" content=\"83Bis Design Studio est immatricul\u00e9 au RCS sous le num\u00e9ro de SIRET 497794511. Son si\u00e8ge social se situe au 42 Quai de Jemmapes \u00e0 Paris.\" \/>\n<meta name=\"robots\" content=\"index, follow, max-snippet:-1, max-image-preview:large, max-video-preview:-1\" \/>\n<link rel=\"canonical\" href=\"https:\/\/www.83bis.com\/en\/mentions-legales\/\" \/>\n<meta property=\"og:locale\" content=\"en_US\" \/>\n<meta property=\"og:type\" content=\"article\" \/>\n<meta property=\"og:title\" content=\"Mentions l\u00e9gales - 83BIS Design Studio - Contact\" \/>\n<meta property=\"og:description\" content=\"83Bis Design Studio est immatricul\u00e9 au RCS sous le num\u00e9ro de SIRET 497794511. Son si\u00e8ge social se situe au 42 Quai de Jemmapes \u00e0 Paris.\" \/>\n<meta property=\"og:url\" content=\"https:\/\/www.83bis.com\/en\/mentions-legales\/\" \/>\n<meta property=\"og:site_name\" content=\"83BIS Design Studio\" \/>\n<meta property=\"article:modified_time\" content=\"2024-10-04T08:38:06+00:00\" \/>\n<meta property=\"og:image\" content=\"https:\/\/www.83bis.com\/wp-content\/uploads\/2020\/01\/83bis_orange_grand-e1578826535202.png\" \/>\n\t<meta property=\"og:image:width\" content=\"1221\" \/>\n\t<meta property=\"og:image:height\" content=\"1260\" \/>\n\t<meta property=\"og:image:type\" content=\"image\/png\" \/>\n<meta name=\"twitter:card\" content=\"summary_large_image\" \/>\n<meta name=\"twitter:label1\" content=\"Est. reading time\" \/>\n\t<meta name=\"twitter:data1\" content=\"1 minute\" \/>\n<script type=\"application\/ld+json\" class=\"yoast-schema-graph\">{\"@context\":\"https:\/\/schema.org\",\"@graph\":[{\"@type\":\"WebSite\",\"@id\":\"https:\/\/www.83bis.com\/#website\",\"url\":\"https:\/\/www.83bis.com\/\",\"name\":\"83BIS Design Studio\",\"description\":\"Slideshow designers\",\"potentialAction\":[{\"@type\":\"SearchAction\",\"target\":{\"@type\":\"EntryPoint\",\"urlTemplate\":\"https:\/\/www.83bis.com\/?s={search_term_string}\"},\"query-input\":\"required name=search_term_string\"}],\"inLanguage\":\"en-US\"},{\"@type\":\"ImageObject\",\"@id\":\"https:\/\/www.83bis.com\/mentions-legales\/#primaryimage\",\"inLanguage\":\"en-US\",\"url\":\"https:\/\/www.83bis.com\/wp-content\/uploads\/2020\/01\/83bis_orange_grand-e1578826535202.png\",\"contentUrl\":\"https:\/\/www.83bis.com\/wp-content\/uploads\/2020\/01\/83bis_orange_grand-e1578826535202.png\",\"width\":1221,\"height\":1260,\"caption\":\"Logo 83Bis\"},{\"@type\":\"WebPage\",\"@id\":\"https:\/\/www.83bis.com\/mentions-legales\/#webpage\",\"url\":\"https:\/\/www.83bis.com\/mentions-legales\/\",\"name\":\"Mentions l\u00e9gales - 83BIS Design Studio - Contact\",\"isPartOf\":{\"@id\":\"https:\/\/www.83bis.com\/#website\"},\"primaryImageOfPage\":{\"@id\":\"https:\/\/www.83bis.com\/mentions-legales\/#primaryimage\"},\"datePublished\":\"2020-01-20T14:30:57+00:00\",\"dateModified\":\"2024-10-04T08:38:06+00:00\",\"description\":\"83Bis Design Studio est immatricul\u00e9 au RCS sous le num\u00e9ro de SIRET 497794511. Son si\u00e8ge social se situe au 42 Quai de Jemmapes \u00e0 Paris.\",\"breadcrumb\":{\"@id\":\"https:\/\/www.83bis.com\/mentions-legales\/#breadcrumb\"},\"inLanguage\":\"en-US\",\"potentialAction\":[{\"@type\":\"ReadAction\",\"target\":[\"https:\/\/www.83bis.com\/mentions-legales\/\"]}]},{\"@type\":\"BreadcrumbList\",\"@id\":\"https:\/\/www.83bis.com\/mentions-legales\/#breadcrumb\",\"itemListElement\":[{\"@type\":\"ListItem\",\"position\":1,\"name\":\"Accueil\",\"item\":\"https:\/\/www.83bis.com\/\"},{\"@type\":\"ListItem\",\"position\":2,\"name\":\"Mentions l\u00e9gales\"}]}]}<\/script>\n<!-- \/ Yoast SEO plugin. -->","yoast_head_json":{"title":"Mentions l\u00e9gales - 83BIS Design Studio - Contact","description":"83Bis Design Studio est immatricul\u00e9 au RCS sous le num\u00e9ro de SIRET 497794511. Son si\u00e8ge social se situe au 42 Quai de Jemmapes \u00e0 Paris.","robots":{"index":"index","follow":"follow","max-snippet":"max-snippet:-1","max-image-preview":"max-image-preview:large","max-video-preview":"max-video-preview:-1"},"canonical":"https:\/\/www.83bis.com\/en\/mentions-legales\/","og_locale":"en_US","og_type":"article","og_title":"Mentions l\u00e9gales - 83BIS Design Studio - Contact","og_description":"83Bis Design Studio est immatricul\u00e9 au RCS sous le num\u00e9ro de SIRET 497794511. Son si\u00e8ge social se situe au 42 Quai de Jemmapes \u00e0 Paris.","og_url":"https:\/\/www.83bis.com\/en\/mentions-legales\/","og_site_name":"83BIS Design Studio","article_modified_time":"2024-10-04T08:38:06+00:00","og_image":[{"width":1221,"height":1260,"url":"https:\/\/www.83bis.com\/wp-content\/uploads\/2020\/01\/83bis_orange_grand-e1578826535202.png","type":"image\/png"}],"twitter_card":"summary_large_image","twitter_misc":{"Est. reading time":"1 minute"},"schema":{"@context":"https:\/\/schema.org","@graph":[{"@type":"WebSite","@id":"https:\/\/www.83bis.com\/#website","url":"https:\/\/www.83bis.com\/","name":"83BIS Design Studio","description":"Slideshow designers","potentialAction":[{"@type":"SearchAction","target":{"@type":"EntryPoint","urlTemplate":"https:\/\/www.83bis.com\/?s={search_term_string}"},"query-input":"required name=search_term_string"}],"inLanguage":"en-US"},{"@type":"ImageObject","@id":"https:\/\/www.83bis.com\/mentions-legales\/#primaryimage","inLanguage":"en-US","url":"https:\/\/www.83bis.com\/wp-content\/uploads\/2020\/01\/83bis_orange_grand-e1578826535202.png","contentUrl":"https:\/\/www.83bis.com\/wp-content\/uploads\/2020\/01\/83bis_orange_grand-e1578826535202.png","width":1221,"height":1260,"caption":"Logo 83Bis"},{"@type":"WebPage","@id":"https:\/\/www.83bis.com\/mentions-legales\/#webpage","url":"https:\/\/www.83bis.com\/mentions-legales\/","name":"Mentions l\u00e9gales - 83BIS Design Studio - Contact","isPartOf":{"@id":"https:\/\/www.83bis.com\/#website"},"primaryImageOfPage":{"@id":"https:\/\/www.83bis.com\/mentions-legales\/#primaryimage"},"datePublished":"2020-01-20T14:30:57+00:00","dateModified":"2024-10-04T08:38:06+00:00","description":"83Bis Design Studio est immatricul\u00e9 au RCS sous le num\u00e9ro de SIRET 497794511. Son si\u00e8ge social se situe au 42 Quai de Jemmapes \u00e0 Paris.","breadcrumb":{"@id":"https:\/\/www.83bis.com\/mentions-legales\/#breadcrumb"},"inLanguage":"en-US","potentialAction":[{"@type":"ReadAction","target":["https:\/\/www.83bis.com\/mentions-legales\/"]}]},{"@type":"BreadcrumbList","@id":"https:\/\/www.83bis.com\/mentions-legales\/#breadcrumb","itemListElement":[{"@type":"ListItem","position":1,"name":"Accueil","item":"https:\/\/www.83bis.com\/"},{"@type":"ListItem","position":2,"name":"Mentions l\u00e9gales"}]}]}},"_links":{"self":[{"href":"https:\/\/www.83bis.com\/en\/wp-json\/wp\/v2\/pages\/11136"}],"collection":[{"href":"https:\/\/www.83bis.com\/en\/wp-json\/wp\/v2\/pages"}],"about":[{"href":"https:\/\/www.83bis.com\/en\/wp-json\/wp\/v2\/types\/page"}],"author":[{"embeddable":true,"href":"https:\/\/www.83bis.com\/en\/wp-json\/wp\/v2\/users\/3"}],"replies":[{"embeddable":true,"href":"https:\/\/www.83bis.com\/en\/wp-json\/wp\/v2\/comments?post=11136"}],"version-history":[{"count":12,"href":"https:\/\/www.83bis.com\/en\/wp-json\/wp\/v2\/pages\/11136\/revisions"}],"predecessor-version":[{"id":12417,"href":"https:\/\/www.83bis.com\/en\/wp-json\/wp\/v2\/pages\/11136\/revisions\/12417"}],"wp:featuredmedia":[{"embeddable":true,"href":"https:\/\/www.83bis.com\/en\/wp-json\/wp\/v2\/media\/261"}],"wp:attachment":[{"href":"https:\/\/www.83bis.com\/en\/wp-json\/wp\/v2\/media?parent=11136"}],"curies":[{"name":"wp","href":"https:\/\/api.w.org\/{rel}","templated":true}]}}