{"id":3,"date":"2020-01-07T14:09:39","date_gmt":"2020-01-07T14:09:39","guid":{"rendered":"https:\/\/testwww.83bis.com\/?page_id=3"},"modified":"2022-02-16T19:18:12","modified_gmt":"2022-02-16T19:18:12","slug":"politique-confidentialite","status":"publish","type":"page","link":"https:\/\/www.83bis.com\/en\/politique-confidentialite\/","title":{"rendered":"Privacy Policy"},"content":{"rendered":"<section class=\"vc_row wpb_row vc_row-fluid  vc_custom_1580406548826 vc_row-has-fill\"><div class=\"wpb_column vc_column_container vc_col-sm-3  col-xs-mobile-fullwidth\"><div class=\"vc_column-inner\"><div class=\"wpb_wrapper\"><\/div><\/div><\/div><div class=\"wpb_column vc_column_container vc_col-sm-6  col-xs-mobile-fullwidth\"><div class=\"vc_column-inner\"><div class=\"wpb_wrapper\"><h1 class=\"margin-100px-bottom xs-margin-40px-bottom font-weight-600 display-inline-block alt-font text-extra-small text-outside-line text-uppercase heading-style5  heading-1\"  style=\"font-size: 25px; color: #f67900;\" data-fontsize=\"25px\">Privacy Policy<\/h1><div class=\"last-paragraph-no-margin\"><h2 style=\"text-align: left;\"><span style=\"color: #f67900; font-size: 30px;\">Who are we ?<\/span><\/h2>\n<p><!-- \/wp:heading --><\/p>\n<p style=\"text-align: left;\"><!-- wp:paragraph --><strong>83Bis Design Studio<\/strong> is a graphic design studio specializing in presentations and slideshows, since 2007. Its head office is in Paris, at 42 Quai de Jemmapes.<\/p>\n<p><!-- \/wp:paragraph --><\/p>\n<p style=\"text-align: left;\"><!-- wp:paragraph -->This Policy was developed for 83Bis Design Studio which attaches particular importance to the protection of the data of its visitors.<\/p>\n<p><!-- \/wp:paragraph --><\/p>\n<p style=\"text-align: left;\"><!-- wp:paragraph -->Any processing of personal data is carried out in strict compliance with the regulations, namely that any processing of personal data will be based on an adequate legal basis, in accordance with the law and regulations. These data are collected fairly; no collection is carried out without the knowledge of people and without them being informed.<\/p>\n<p><!-- wp:heading {\"level\":3} --><\/p>\n<h3 style=\"text-align: left;\"><span style=\"color: #f67900; font-size: 30px;\">What personal data do we collect?<\/span><\/h3>\n<p><!-- \/wp:heading --><\/p>\n<p style=\"text-align: left;\"><!-- wp:paragraph -->As part of our activity, we process the following data: as part of our website, your connection data (IP address, date and time of connection, browser, etc.)<\/p>\n<p><!-- wp:heading --><\/p>\n<h3 style=\"text-align: left;\"><span style=\"color: #f67900; font-size: 30px;\">About cookies\u00a0<\/span><\/h3>\n<p><!-- \/wp:heading --><\/p>\n<p style=\"text-align: left;\"><!-- wp:paragraph -->We use various cookies on the site to improve the interactivity of the site and our services.<\/p>\n<p><!-- \/wp:paragraph --><\/p>\n<p style=\"text-align: left;\"><!-- wp:paragraph --><strong>What is a cookie\" ?<\/strong>\u00a0A \"<em>cookie<\/em>\u201d is a series of information, generally small in size and identified by a name, which can be transmitted to your browser by a website on which you connect. Your web browser will keep it for a certain period of time, and will send it back to the web server each time you connect to it again. The\u00a0<em>cookies<\/em>\u00a0have multiple uses: they can be used to store your login client to a merchant site or the content of your current shopping cart. An identifier to track your browsing for statistical purposes or advertising,\u00a0<em>etc<\/em>.<!-- \/wp:paragraph --><\/p>\n<p><!-- wp:heading {\"level\":4} --><\/p>\n<p style=\"text-align: left;\"><strong>Internal cookies necessary for the site to function<\/strong><\/p>\n<p><!-- \/wp:heading --><\/p>\n<p style=\"text-align: left;\"><!-- wp:paragraph -->These cookies allow the site to function optimally. You can object and delete them using your browser settings, however your user experience may be degraded.<\/p>\n<p style=\"text-align: left;\"><strong>Tarteaucitron<\/strong> Used to save the cookie configuration defined by the visitor. Retained 60 days.<\/p>\n<p style=\"text-align: left;\">The Site also uses <strong>Google Analytics<\/strong> audience measurement tool in order to statistically evaluate the performance of the site:<\/p>\n<p style=\"text-align: left;\"><strong>_ga :<\/strong> used to distinguish users. The lifetime of the cookie is 2 years.<\/p>\n<p style=\"text-align: left;\"><strong>_gat :<\/strong> used to speed up requests. The lifetime of the cookie is 10 min.<\/p>\n<p style=\"text-align: left;\"><strong>_gid :<\/strong> used to track user behavior on our site. The cookie expires after 24 hours of inactivity.<\/p>\n<p><!-- wp:heading {\"level\":3} --><\/p>\n<h3 style=\"text-align: left;\"><span style=\"color: #f67900; font-size: 30px;\">Statistics<\/span><\/h3>\n<p><!-- \/wp:heading --><\/p>\n<p style=\"text-align: left;\"><!-- wp:paragraph -->We mean any operation of collection and processing of personal data necessary for statistical surveys or the production of statistical results. Statistical purposes imply that the result of processing for statistical purposes does not constitute personal data but aggregated data, and that this result or these personal data are not used in support of measures or decisions concerning a particular natural person.<\/p>\n<p><!-- wp:heading {\"level\":3} --><\/p>\n<h3 style=\"text-align: left;\"><span style=\"color: #f67900; font-size: 30px;\">Embedded content from other sites<\/span><\/h3>\n<p><!-- \/wp:heading --><\/p>\n<p style=\"text-align: left;\"><!-- wp:paragraph --><span style=\"color: #3d3d3d;\">Certain pages of the site may contain embedded content from other websites (eg video, map), such as the \u201cLE STUDIO\u201d page. Embedded content from other websites behaves the same as if you were browsing their own website. Find the privacy policy for our various embedded content when customizing cookies that you authorize or not on our site.<\/span><\/p>\n<p><!-- \/wp:paragraph --><br \/>\n<!-- wp:heading {\"level\":3} --><\/p>\n<h3 style=\"text-align: left;\"><span style=\"color: #f67900; font-size: 30px;\">For more information<\/span><\/h3>\n<p><!-- \/wp:heading --><\/p>\n<p style=\"text-align: left;\"><!-- wp:paragraph --><span style=\"color: #3d3d3d;\">To exercise your rights or for any questions about the processing of your data on our site, you can contact us at the following address:<\/span><\/p>\n<p style=\"text-align: left;\"><span style=\"color: #3d3d3d;\"><strong>83bis Design Studio<\/strong>, 42 Quai de Jemmapes, 75010 Paris, contact@83Bis.com.<\/span><\/p>\n<p><span style=\"color: #3d3d3d;\"><!-- \/wp:paragraph --><\/span><\/p>\n<p style=\"text-align: left;\"><span style=\"color: #3d3d3d;\"><!-- wp:paragraph -->If you feel, after contacting us, that your \u201cData Protection\u201d rights have not been respected, you can file a complaint with the CNIL.<\/span><\/p>\n<p style=\"text-align: left;\"><span style=\"color: #3d3d3d;\">For any other information, you can consult the CNIL website (<a style=\"color: #3d3d3d;\" href=\"https:\/\/www.cnil.fr\/\" target=\"_blank\" rel=\"noreferrer noopener\" aria-label=\" (s\u2019ouvre dans un nouvel onglet)\">www.cnil.fr<\/a>).<\/span><\/p>\n<\/div><\/div><\/div><\/div><div class=\"wpb_column vc_column_container vc_col-sm-3  col-xs-mobile-fullwidth\"><div class=\"vc_column-inner\"><div class=\"wpb_wrapper\"><\/div><\/div><\/div><\/section>","protected":false},"excerpt":{"rendered":"Politique de confidentialit\u00e9Qui sommes-nous ? 83Bis Design Studio est un studio de design graphique sp\u00e9cialis\u00e9 en pr\u00e9sentations et slideshows, depuis 2007. Son si\u00e8ge social est \u00e0 Paris, au 42 Quai de Jemmapes. La pr\u00e9sente Politique a \u00e9t\u00e9 \u00e9labor\u00e9e pour 83Bis Design Studio qui accorde une importance toute particuli\u00e8re \u00e0 la protection des donn\u00e9es de ses visiteurs. Tout traitement de donn\u00e9es personnelles se fait dans le strict respect de la r\u00e9glementation, \u00e0 savoir que tout traitement de donn\u00e9es personnelles sera fond\u00e9 sur une base l\u00e9gale ad\u00e9quate, conform\u00e9ment \u00e0 la loi et \u00e0 la r\u00e9glementation. Ces donn\u00e9es sont collect\u00e9es loyalement ; aucune collecte n\u2019est effectu\u00e9e \u00e0 l\u2019insu des personnes et sans qu\u2019elles en soient inform\u00e9es. Quelles donn\u00e9es personnelles collectons-nous ? Nous sommes amen\u00e9s \u00e0 traiter, dans le cadre de notre activit\u00e9, les donn\u00e9es suivantes : dans le cadre de notre site internet, vos donn\u00e9es de connexion (Adresse IP, date et heure de connexion, navigateur etc.) A propos des cookies\u00a0 Nous utilisons diff\u00e9rents cookies sur le site pour am\u00e9liorer l\u2019interactivit\u00e9 du site et\u00a0nos services. Qu\u2019est-ce qu\u2019un \u201ccookie\u201d ?\u00a0Un \u201ccookie\u201d est une suite d\u2019informations, g\u00e9n\u00e9ralement de petite taille et identifi\u00e9 par un nom, qui peut \u00eatre transmis \u00e0 votre navigateur par un site web...","protected":false},"author":1,"featured_media":261,"parent":0,"menu_order":0,"comment_status":"closed","ping_status":"closed","template":"","meta":{"_mi_skip_tracking":false,"footnotes":""},"yoast_head":"<!-- This site is optimized with the Yoast SEO plugin v18.6 - https:\/\/yoast.com\/wordpress\/plugins\/seo\/ -->\n<title>Politique de confidentialit\u00e9 - 83BIS Design Studio<\/title>\n<meta name=\"description\" content=\"83Bis Design Studio est un studio de design graphique sp\u00e9cialis\u00e9 en pr\u00e9sentations et slideshows sur mesure. Son si\u00e8ge social est au 42 Quai de Jemmapes.\" \/>\n<meta name=\"robots\" content=\"index, follow, max-snippet:-1, max-image-preview:large, max-video-preview:-1\" \/>\n<link rel=\"canonical\" href=\"https:\/\/www.83bis.com\/en\/politique-confidentialite\/\" \/>\n<meta property=\"og:locale\" content=\"en_US\" \/>\n<meta property=\"og:type\" content=\"article\" \/>\n<meta property=\"og:title\" content=\"Politique de confidentialit\u00e9 - 83BIS Design Studio\" \/>\n<meta property=\"og:description\" content=\"83Bis Design Studio est un studio de design graphique sp\u00e9cialis\u00e9 en pr\u00e9sentations et slideshows sur mesure. Son si\u00e8ge social est au 42 Quai de Jemmapes.\" \/>\n<meta property=\"og:url\" content=\"https:\/\/www.83bis.com\/en\/politique-confidentialite\/\" \/>\n<meta property=\"og:site_name\" content=\"83BIS Design Studio\" \/>\n<meta property=\"article:modified_time\" content=\"2022-02-16T19:18:12+00:00\" \/>\n<meta property=\"og:image\" content=\"https:\/\/www.83bis.com\/wp-content\/uploads\/2020\/01\/83bis_orange_grand-e1578826535202.png\" \/>\n\t<meta property=\"og:image:width\" content=\"1221\" \/>\n\t<meta property=\"og:image:height\" content=\"1260\" \/>\n\t<meta property=\"og:image:type\" content=\"image\/png\" \/>\n<meta name=\"twitter:card\" content=\"summary_large_image\" \/>\n<meta name=\"twitter:label1\" content=\"Est. reading time\" \/>\n\t<meta name=\"twitter:data1\" content=\"4 minutes\" \/>\n<script type=\"application\/ld+json\" class=\"yoast-schema-graph\">{\"@context\":\"https:\/\/schema.org\",\"@graph\":[{\"@type\":\"WebSite\",\"@id\":\"https:\/\/www.83bis.com\/#website\",\"url\":\"https:\/\/www.83bis.com\/\",\"name\":\"83BIS Design Studio\",\"description\":\"Slideshow designers\",\"potentialAction\":[{\"@type\":\"SearchAction\",\"target\":{\"@type\":\"EntryPoint\",\"urlTemplate\":\"https:\/\/www.83bis.com\/?s={search_term_string}\"},\"query-input\":\"required name=search_term_string\"}],\"inLanguage\":\"en-US\"},{\"@type\":\"ImageObject\",\"@id\":\"https:\/\/www.83bis.com\/politique-confidentialite\/#primaryimage\",\"inLanguage\":\"en-US\",\"url\":\"https:\/\/www.83bis.com\/wp-content\/uploads\/2020\/01\/83bis_orange_grand-e1578826535202.png\",\"contentUrl\":\"https:\/\/www.83bis.com\/wp-content\/uploads\/2020\/01\/83bis_orange_grand-e1578826535202.png\",\"width\":1221,\"height\":1260,\"caption\":\"Logo 83Bis\"},{\"@type\":\"WebPage\",\"@id\":\"https:\/\/www.83bis.com\/politique-confidentialite\/#webpage\",\"url\":\"https:\/\/www.83bis.com\/politique-confidentialite\/\",\"name\":\"Politique de confidentialit\u00e9 - 83BIS Design Studio\",\"isPartOf\":{\"@id\":\"https:\/\/www.83bis.com\/#website\"},\"primaryImageOfPage\":{\"@id\":\"https:\/\/www.83bis.com\/politique-confidentialite\/#primaryimage\"},\"datePublished\":\"2020-01-07T14:09:39+00:00\",\"dateModified\":\"2022-02-16T19:18:12+00:00\",\"description\":\"83Bis Design Studio est un studio de design graphique sp\u00e9cialis\u00e9 en pr\u00e9sentations et slideshows sur mesure. Son si\u00e8ge social est au 42 Quai de Jemmapes.\",\"breadcrumb\":{\"@id\":\"https:\/\/www.83bis.com\/politique-confidentialite\/#breadcrumb\"},\"inLanguage\":\"en-US\",\"potentialAction\":[{\"@type\":\"ReadAction\",\"target\":[\"https:\/\/www.83bis.com\/politique-confidentialite\/\"]}]},{\"@type\":\"BreadcrumbList\",\"@id\":\"https:\/\/www.83bis.com\/politique-confidentialite\/#breadcrumb\",\"itemListElement\":[{\"@type\":\"ListItem\",\"position\":1,\"name\":\"Accueil\",\"item\":\"https:\/\/www.83bis.com\/\"},{\"@type\":\"ListItem\",\"position\":2,\"name\":\"Politique de confidentialit\u00e9\"}]}]}<\/script>\n<!-- \/ Yoast SEO plugin. -->","yoast_head_json":{"title":"Politique de confidentialit\u00e9 - 83BIS Design Studio","description":"83Bis Design Studio est un studio de design graphique sp\u00e9cialis\u00e9 en pr\u00e9sentations et slideshows sur mesure. Son si\u00e8ge social est au 42 Quai de Jemmapes.","robots":{"index":"index","follow":"follow","max-snippet":"max-snippet:-1","max-image-preview":"max-image-preview:large","max-video-preview":"max-video-preview:-1"},"canonical":"https:\/\/www.83bis.com\/en\/politique-confidentialite\/","og_locale":"en_US","og_type":"article","og_title":"Politique de confidentialit\u00e9 - 83BIS Design Studio","og_description":"83Bis Design Studio est un studio de design graphique sp\u00e9cialis\u00e9 en pr\u00e9sentations et slideshows sur mesure. Son si\u00e8ge social est au 42 Quai de Jemmapes.","og_url":"https:\/\/www.83bis.com\/en\/politique-confidentialite\/","og_site_name":"83BIS Design Studio","article_modified_time":"2022-02-16T19:18:12+00:00","og_image":[{"width":1221,"height":1260,"url":"https:\/\/www.83bis.com\/wp-content\/uploads\/2020\/01\/83bis_orange_grand-e1578826535202.png","type":"image\/png"}],"twitter_card":"summary_large_image","twitter_misc":{"Est. reading time":"4 minutes"},"schema":{"@context":"https:\/\/schema.org","@graph":[{"@type":"WebSite","@id":"https:\/\/www.83bis.com\/#website","url":"https:\/\/www.83bis.com\/","name":"83BIS Design Studio","description":"Slideshow designers","potentialAction":[{"@type":"SearchAction","target":{"@type":"EntryPoint","urlTemplate":"https:\/\/www.83bis.com\/?s={search_term_string}"},"query-input":"required name=search_term_string"}],"inLanguage":"en-US"},{"@type":"ImageObject","@id":"https:\/\/www.83bis.com\/politique-confidentialite\/#primaryimage","inLanguage":"en-US","url":"https:\/\/www.83bis.com\/wp-content\/uploads\/2020\/01\/83bis_orange_grand-e1578826535202.png","contentUrl":"https:\/\/www.83bis.com\/wp-content\/uploads\/2020\/01\/83bis_orange_grand-e1578826535202.png","width":1221,"height":1260,"caption":"Logo 83Bis"},{"@type":"WebPage","@id":"https:\/\/www.83bis.com\/politique-confidentialite\/#webpage","url":"https:\/\/www.83bis.com\/politique-confidentialite\/","name":"Politique de confidentialit\u00e9 - 83BIS Design Studio","isPartOf":{"@id":"https:\/\/www.83bis.com\/#website"},"primaryImageOfPage":{"@id":"https:\/\/www.83bis.com\/politique-confidentialite\/#primaryimage"},"datePublished":"2020-01-07T14:09:39+00:00","dateModified":"2022-02-16T19:18:12+00:00","description":"83Bis Design Studio est un studio de design graphique sp\u00e9cialis\u00e9 en pr\u00e9sentations et slideshows sur mesure. Son si\u00e8ge social est au 42 Quai de Jemmapes.","breadcrumb":{"@id":"https:\/\/www.83bis.com\/politique-confidentialite\/#breadcrumb"},"inLanguage":"en-US","potentialAction":[{"@type":"ReadAction","target":["https:\/\/www.83bis.com\/politique-confidentialite\/"]}]},{"@type":"BreadcrumbList","@id":"https:\/\/www.83bis.com\/politique-confidentialite\/#breadcrumb","itemListElement":[{"@type":"ListItem","position":1,"name":"Accueil","item":"https:\/\/www.83bis.com\/"},{"@type":"ListItem","position":2,"name":"Politique de confidentialit\u00e9"}]}]}},"_links":{"self":[{"href":"https:\/\/www.83bis.com\/en\/wp-json\/wp\/v2\/pages\/3"}],"collection":[{"href":"https:\/\/www.83bis.com\/en\/wp-json\/wp\/v2\/pages"}],"about":[{"href":"https:\/\/www.83bis.com\/en\/wp-json\/wp\/v2\/types\/page"}],"author":[{"embeddable":true,"href":"https:\/\/www.83bis.com\/en\/wp-json\/wp\/v2\/users\/1"}],"replies":[{"embeddable":true,"href":"https:\/\/www.83bis.com\/en\/wp-json\/wp\/v2\/comments?post=3"}],"version-history":[{"count":30,"href":"https:\/\/www.83bis.com\/en\/wp-json\/wp\/v2\/pages\/3\/revisions"}],"predecessor-version":[{"id":11978,"href":"https:\/\/www.83bis.com\/en\/wp-json\/wp\/v2\/pages\/3\/revisions\/11978"}],"wp:featuredmedia":[{"embeddable":true,"href":"https:\/\/www.83bis.com\/en\/wp-json\/wp\/v2\/media\/261"}],"wp:attachment":[{"href":"https:\/\/www.83bis.com\/en\/wp-json\/wp\/v2\/media?parent=3"}],"curies":[{"name":"wp","href":"https:\/\/api.w.org\/{rel}","templated":true}]}}